{"id":552,"date":"2024-11-03T21:58:45","date_gmt":"2024-11-03T21:58:45","guid":{"rendered":"https:\/\/dmrproje.com.tr\/?page_id=552"},"modified":"2025-08-07T15:39:21","modified_gmt":"2025-08-07T15:39:21","slug":"ticari-yapi","status":"publish","type":"page","link":"http:\/\/dmrproje.com.tr\/index.php\/ticari-yapi\/","title":{"rendered":"Ticari Yap\u0131lar"},"content":{"rendered":"\n<div class=\"wp-block-media-text is-stacked-on-mobile\"><figure class=\"wp-block-media-text__media\"><img loading=\"lazy\" decoding=\"async\" width=\"1040\" height=\"472\" src=\"http:\/\/dmrproje.com.tr\/wp-content\/uploads\/2024\/11\/SCANDINAVIANAVM-1.png\" alt=\"\" class=\"wp-image-572 size-full\"\/><\/figure><div class=\"wp-block-media-text__content\">\n<p><strong><br><br>SCANDINAVIAN AVM & KONUT PROJES\u0130<\/strong><\/p>\n\n\n\n<p>\u0130\u015eVEREN: BTT-FAS M\u0130MARLIK<\/p>\n\n\n\n<p>KONUM: SOMAL\u0130\u00a0\u00a0\u00a0\u00a0\u00a0\u00a0\u00a0\u00a0\u00a0\u00a0\u00a0\u00a0\u00a0 <\/p>\n\n\n\n<p>ALAN : 60.000 m2\u00a0<\/p>\n<\/div><\/div>\n\n\n\n<div class=\"wp-block-media-text is-stacked-on-mobile\"><figure class=\"wp-block-media-text__media\"><img loading=\"lazy\" decoding=\"async\" width=\"1024\" height=\"576\" src=\"http:\/\/dmrproje.com.tr\/wp-content\/uploads\/2024\/11\/BUURTAKALAAVM-1024x576.png\" alt=\"\" class=\"wp-image-479 size-full\" srcset=\"http:\/\/dmrproje.com.tr\/wp-content\/uploads\/2024\/11\/BUURTAKALAAVM-1024x576.png 1024w, http:\/\/dmrproje.com.tr\/wp-content\/uploads\/2024\/11\/BUURTAKALAAVM-300x169.png 300w, http:\/\/dmrproje.com.tr\/wp-content\/uploads\/2024\/11\/BUURTAKALAAVM-768x432.png 768w, http:\/\/dmrproje.com.tr\/wp-content\/uploads\/2024\/11\/BUURTAKALAAVM.png 1040w\" sizes=\"(max-width: 1024px) 100vw, 1024px\" \/><\/figure><div class=\"wp-block-media-text__content\">\n<p><strong><br><br>BUURTA KALA AVM & KONUT PROJES\u0130<\/strong><\/p>\n\n\n\n<p>\u0130\u015eVEREN: BTT-FAS M\u0130MARLIK<\/p>\n\n\n\n<p>KONUM: SOMAL\u0130\u00a0\u00a0\u00a0\u00a0\u00a0\u00a0\u00a0\u00a0\u00a0\u00a0\u00a0\u00a0\u00a0 <\/p>\n\n\n\n<p>ALAN : 50.000 m2\u00a0<\/p>\n<\/div><\/div>\n\n\n\n<div class=\"wp-block-media-text is-stacked-on-mobile\"><figure class=\"wp-block-media-text__media\"><img loading=\"lazy\" decoding=\"async\" width=\"1024\" height=\"575\" src=\"http:\/\/dmrproje.com.tr\/wp-content\/uploads\/2024\/10\/MOI-1024x575.png\" alt=\"\" class=\"wp-image-205 size-full\" srcset=\"http:\/\/dmrproje.com.tr\/wp-content\/uploads\/2024\/10\/MOI-1024x575.png 1024w, http:\/\/dmrproje.com.tr\/wp-content\/uploads\/2024\/10\/MOI-300x168.png 300w, http:\/\/dmrproje.com.tr\/wp-content\/uploads\/2024\/10\/MOI-768x431.png 768w, http:\/\/dmrproje.com.tr\/wp-content\/uploads\/2024\/10\/MOI.png 1040w\" sizes=\"(max-width: 1024px) 100vw, 1024px\" \/><\/figure><div class=\"wp-block-media-text__content\">\n<p><strong><br><br>MALL OF \u0130STANBUL FAZ 2 (MOI CADDE)<\/strong><\/p>\n\n\n\n<p>\u0130\u015eVEREN: TORUNLAR GYO<\/p>\n\n\n\n<p>KONUM: \u0130STANBUL<\/p>\n\n\n\n<p>\u00a0ALAN : 13.000 m2<\/p>\n<\/div><\/div>\n\n\n\n<div class=\"wp-block-media-text is-stacked-on-mobile\"><figure class=\"wp-block-media-text__media\"><img loading=\"lazy\" decoding=\"async\" width=\"1024\" height=\"577\" src=\"http:\/\/dmrproje.com.tr\/wp-content\/uploads\/2024\/10\/UC-1024x577.png\" alt=\"\" class=\"wp-image-206 size-full\" srcset=\"http:\/\/dmrproje.com.tr\/wp-content\/uploads\/2024\/10\/UC-1024x577.png 1024w, http:\/\/dmrproje.com.tr\/wp-content\/uploads\/2024\/10\/UC-300x169.png 300w, http:\/\/dmrproje.com.tr\/wp-content\/uploads\/2024\/10\/UC-768x433.png 768w, http:\/\/dmrproje.com.tr\/wp-content\/uploads\/2024\/10\/UC.png 1040w\" sizes=\"(max-width: 1024px) 100vw, 1024px\" \/><\/figure><div class=\"wp-block-media-text__content\">\n<p><strong><br><br>\u00dc\u00c7 YILDIZ BUJ\u0130TER\u0130 OF\u0130S B\u0130NASI<\/strong><\/p>\n\n\n\n<p>\u0130\u015eVEREN : \u00dc\u00c7 YILDIZ BUJ\u0130TER\u0130<\/p>\n\n\n\n<p>KONUM\u00a0\u00a0 : \u0130STANBUL\/HALKALI \u00a0<\/p>\n\n\n\n<p>ALAN \u00a0\u00a0\u00a0\u00a0\u00a0\u00a0: 12.500 m2<\/p>\n<\/div><\/div>\n\n\n\n<div class=\"wp-block-media-text is-stacked-on-mobile\"><figure class=\"wp-block-media-text__media\"><img loading=\"lazy\" decoding=\"async\" width=\"1024\" height=\"584\" src=\"http:\/\/dmrproje.com.tr\/wp-content\/uploads\/2024\/11\/ardenfcrestaurant-1024x584.png\" alt=\"\" class=\"wp-image-480 size-full\" srcset=\"http:\/\/dmrproje.com.tr\/wp-content\/uploads\/2024\/11\/ardenfcrestaurant-1024x584.png 1024w, http:\/\/dmrproje.com.tr\/wp-content\/uploads\/2024\/11\/ardenfcrestaurant-300x171.png 300w, http:\/\/dmrproje.com.tr\/wp-content\/uploads\/2024\/11\/ardenfcrestaurant-768x438.png 768w, http:\/\/dmrproje.com.tr\/wp-content\/uploads\/2024\/11\/ardenfcrestaurant.png 1040w\" sizes=\"(max-width: 1024px) 100vw, 1024px\" \/><\/figure><div class=\"wp-block-media-text__content\">\n<p><strong><br><br>ANTALYA ARDEN FC RESTAURANT<\/strong><\/p>\n\n\n\n<p>\u0130\u015eVEREN: ARDEN FC<\/p>\n\n\n\n<p>KONUM: ANTALYA\/MURATPA\u015eA<\/p>\n\n\n\n<p>ALAN : 500 m2<\/p>\n<\/div><\/div>\n\n\n\n<hr class=\"wp-block-coblocks-dynamic-separator has-background has-theme-black-color is-style-fullwidth\" style=\"height:50px\"\/>\n\n\n\n<div class=\"wp-block-group alignfull is-content-justification-space-between is-layout-flex wp-container-core-group-is-layout-6 wp-block-group-is-layout-flex\" style=\"margin-top:0;margin-bottom:0;padding-top:var(--wp--preset--spacing--50);padding-right:var(--wp--preset--spacing--30);padding-bottom:var(--wp--preset--spacing--50);padding-left:var(--wp--preset--spacing--30)\">\n<div class=\"wp-block-group wp-container-content-2 is-vertical is-layout-flex wp-container-core-group-is-layout-1 wp-block-group-is-layout-flex\"><div class=\"wp-block-site-logo\"><a href=\"http:\/\/dmrproje.com.tr\/\" class=\"custom-logo-link\" rel=\"home\"><img loading=\"lazy\" decoding=\"async\" width=\"232\" height=\"75\" src=\"http:\/\/dmrproje.com.tr\/wp-content\/uploads\/2024\/10\/cropped-Adsiz.png\" class=\"custom-logo\" alt=\"\"   \/><\/a><\/div>\n\n\n<p class=\"has-text-align-left\"><a href=\"http:\/\/Yal\u0131 Mah. Kadir Sok. No:14 Kat: 12 No: 119 Helis More Residense&Oficce 34873 Kartal\/\u0130stanbul\u2019\">Yal\u0131 Mah. Kadir Sok. No:14 Kat: 12 No:<\/a><\/p>\n\n\n\n<p class=\"has-text-align-left\"><a href=\"http:\/\/Yal\u0131 Mah. Kadir Sok. No:14 Kat: 12 No: 119 Helis More Residense&Oficce 34873 Kartal\/\u0130stanbul\u2019\"> 119 Helis More Residense&Oficce 34873 Kartal\/\u0130stanbul<\/a><\/p>\n\n\n\n<p class=\"has-text-align-left has-small-font-size\"><\/p>\n\n\n\n<div style=\"height:0px\" aria-hidden=\"true\" class=\"wp-block-spacer wp-container-content-1\"><\/div>\n<\/div>\n\n\n\n<div class=\"wp-block-group is-content-justification-right is-layout-flex wp-container-core-group-is-layout-5 wp-block-group-is-layout-flex\">\n<div class=\"wp-block-group is-vertical is-layout-flex wp-container-core-group-is-layout-2 wp-block-group-is-layout-flex\">\n<p class=\"has-text-align-left\">Pages<\/p>\n\n\n<nav class=\"has-small-font-size items-justified-left is-vertical no-wrap wp-block-navigation has-small-font-size is-content-justification-left is-nowrap is-layout-flex wp-container-core-navigation-is-layout-1 wp-block-navigation-is-layout-flex\" aria-label=\"Navigation\"><ul class=\"wp-block-navigation__container has-small-font-size items-justified-left is-vertical no-wrap wp-block-navigation has-small-font-size\"><ul class=\"has-small-font-size wp-block-page-list\"><li class=\"wp-block-pages-list__item wp-block-navigation-item open-on-hover-click menu-item-home\"><a class=\"wp-block-pages-list__item__link wp-block-navigation-item__content\" href=\"http:\/\/dmrproje.com.tr\/\">Anasayfa<\/a><\/li><li class=\"wp-block-pages-list__item wp-block-navigation-item open-on-hover-click\"><a class=\"wp-block-pages-list__item__link wp-block-navigation-item__content\" href=\"http:\/\/dmrproje.com.tr\/index.php\/dini-yapilar\/\">Dini Yap\u0131lar<\/a><\/li><li class=\"wp-block-pages-list__item wp-block-navigation-item open-on-hover-click\"><a class=\"wp-block-pages-list__item__link wp-block-navigation-item__content\" href=\"http:\/\/dmrproje.com.tr\/index.php\/egitim-yapi\/\">E\u011fitim Binalar\u0131<\/a><\/li><li class=\"wp-block-pages-list__item wp-block-navigation-item open-on-hover-click\"><a class=\"wp-block-pages-list__item__link wp-block-navigation-item__content\" href=\"http:\/\/dmrproje.com.tr\/index.php\/ekibimiz\/\">Ekibimiz<\/a><\/li><li class=\"wp-block-pages-list__item wp-block-navigation-item open-on-hover-click\"><a class=\"wp-block-pages-list__item__link wp-block-navigation-item__content\" href=\"http:\/\/dmrproje.com.tr\/index.php\/endustriyel-yapi\/\">End\u00fcstriyel Yap\u0131lar<\/a><\/li><li class=\"wp-block-pages-list__item wp-block-navigation-item open-on-hover-click\"><a class=\"wp-block-pages-list__item__link wp-block-navigation-item__content\" href=\"http:\/\/dmrproje.com.tr\/index.php\/hakkimizda\/\">Hakk\u0131m\u0131zda<\/a><\/li><li class=\"wp-block-pages-list__item wp-block-navigation-item open-on-hover-click\"><a class=\"wp-block-pages-list__item__link wp-block-navigation-item__content\" href=\"http:\/\/dmrproje.com.tr\/index.php\/iletisim\/\">\u0130leti\u015fim<\/a><\/li><li class=\"wp-block-pages-list__item wp-block-navigation-item open-on-hover-click\"><a class=\"wp-block-pages-list__item__link wp-block-navigation-item__content\" href=\"http:\/\/dmrproje.com.tr\/index.php\/kamu-yapilari\/\">Kamu Yap\u0131lar\u0131<\/a><\/li><li class=\"wp-block-pages-list__item wp-block-navigation-item open-on-hover-click\"><a class=\"wp-block-pages-list__item__link wp-block-navigation-item__content\" href=\"http:\/\/dmrproje.com.tr\/index.php\/konutlar\/\">Konutlar<\/a><\/li><li class=\"wp-block-pages-list__item wp-block-navigation-item open-on-hover-click\"><a class=\"wp-block-pages-list__item__link wp-block-navigation-item__content\" href=\"http:\/\/dmrproje.com.tr\/index.php\/otel-yapilar\/\">Otel Yap\u0131lar\u0131<\/a><\/li><li class=\"wp-block-pages-list__item wp-block-navigation-item open-on-hover-click\"><a class=\"wp-block-pages-list__item__link wp-block-navigation-item__content\" href=\"http:\/\/dmrproje.com.tr\/index.php\/otopark-pazaryeri\/\">Otopark&Pazaryeri<\/a><\/li><li class=\"wp-block-pages-list__item wp-block-navigation-item open-on-hover-click\"><a class=\"wp-block-pages-list__item__link wp-block-navigation-item__content\" href=\"http:\/\/dmrproje.com.tr\/index.php\/referanslarimiz\/\">Referanslar\u0131m\u0131z<\/a><\/li><li class=\"wp-block-pages-list__item wp-block-navigation-item open-on-hover-click\"><a class=\"wp-block-pages-list__item__link wp-block-navigation-item__content\" href=\"http:\/\/dmrproje.com.tr\/index.php\/saglik-yapi\/\">Sa\u011fl\u0131k Yap\u0131lar\u0131<\/a><\/li><li class=\"wp-block-pages-list__item wp-block-navigation-item open-on-hover-click\"><a class=\"wp-block-pages-list__item__link wp-block-navigation-item__content\" href=\"http:\/\/dmrproje.com.tr\/index.php\/sosyal-tesis\/\">Sosyal Tesisler<\/a><\/li><li class=\"wp-block-pages-list__item wp-block-navigation-item open-on-hover-click\"><a class=\"wp-block-pages-list__item__link wp-block-navigation-item__content\" href=\"http:\/\/dmrproje.com.tr\/index.php\/ticari-yapi\/\">Ticari Yap\u0131lar<\/a><\/li><\/ul><\/ul><\/nav>\n\n\n<div style=\"height:0px\" aria-hidden=\"true\" class=\"wp-block-spacer wp-container-content-3\"><\/div>\n<\/div>\n\n\n\n<div class=\"wp-block-group is-vertical is-layout-flex wp-container-core-group-is-layout-4 wp-block-group-is-layout-flex\">\n<p class=\"has-text-align-left\">Social<\/p>\n\n\n\n<div class=\"wp-block-group is-vertical is-content-justification-left is-layout-flex wp-container-core-group-is-layout-3 wp-block-group-is-layout-flex\">\n<div class=\"wp-block-joinchat-button joinchat-button--qr-both has-border-color is-layout-flex wp-block-button-is-layout-flex\" style=\"border-color:#25d366;border-style:solid;border-width:6px;border-radius:30px\"><figure><figcaption>Scan the code<\/figcaption><a class=\"joinchat-button__qr has-border-color\" style=\"border-color:#25d366;border-style:solid;border-width:6px;border-radius:30px\" href=\"#whatsapp\"><\/a><\/figure><a class=\"wp-block-button__link joinchat-button__link has-ffffff-color has-text-color has-background has-border-color\" style=\"border-color:#25d366;border-style:solid;border-width:6px;border-radius:30px;background-color:#25d366\" href=\"#whatsapp\"><span><strong>Open Chat<\/strong><\/span><\/a><\/div>\n\n\n\n<p><\/p>\n\n\n\n<p><\/p>\n<\/div>\n\n\n\n<div style=\"height:0px\" aria-hidden=\"true\" class=\"wp-block-spacer wp-container-content-4\"><\/div>\n<\/div>\n<\/div>\n<\/div>\n\n\n\n<p><strong>\u00a9 2024 .All rights reserved.<a href=\"https:\/\/www.baranaltundas.com\/\">baranaltundas.com<\/a><\/strong><\/p>\n","protected":false},"excerpt":{"rendered":"<p>SCANDINAVIAN AVM &#038; KONUT PROJES\u0130 \u0130\u015eVEREN: BTT-FAS M\u0130MARLIK KONUM: SOMAL\u0130\u00a0\u00a0\u00a0\u00a0\u00a0\u00a0\u00a0\u00a0\u00a0\u00a0\u00a0\u00a0\u00a0 ALAN : 60.000 m2\u00a0 BUURTA KALA AVM &#038; KONUT PROJES\u0130 \u0130\u015eVEREN: BTT-FAS M\u0130MARLIK KONUM: SOMAL\u0130\u00a0\u00a0\u00a0\u00a0\u00a0\u00a0\u00a0\u00a0\u00a0\u00a0\u00a0\u00a0\u00a0 ALAN : 50.000 m2\u00a0 MALL OF \u0130STANBUL FAZ 2 (MOI [&hellip;]<\/p>\n","protected":false},"author":1,"featured_media":0,"parent":0,"menu_order":0,"comment_status":"closed","ping_status":"closed","template":"","meta":{"_coblocks_attr":"","_coblocks_dimensions":"","_coblocks_responsive_height":"","_coblocks_accordion_ie_support":"","_joinchat":[],"footnotes":""},"class_list":["post-552","page","type-page","status-publish","hentry"],"yoast_head":"<!-- This site is optimized with the Yoast SEO Premium plugin v23.7 (Yoast SEO v25.6) - https:\/\/yoast.com\/wordpress\/plugins\/seo\/ -->\n<title>Ticari Yap\u0131lar -<\/title>\n<meta name=\"robots\" content=\"index, follow, max-snippet:-1, max-image-preview:large, max-video-preview:-1\" \/>\n<link rel=\"canonical\" href=\"https:\/\/dmrproje.com.tr\/index.php\/ticari-yapi\/\" \/>\n<meta property=\"og:locale\" content=\"tr_TR\" \/>\n<meta property=\"og:type\" content=\"article\" \/>\n<meta property=\"og:title\" content=\"Ticari Yap\u0131lar\" \/>\n<meta property=\"og:description\" content=\"SCANDINAVIAN AVM &amp; KONUT PROJES\u0130 \u0130\u015eVEREN: BTT-FAS M\u0130MARLIK KONUM: SOMAL\u0130\u00a0\u00a0\u00a0\u00a0\u00a0\u00a0\u00a0\u00a0\u00a0\u00a0\u00a0\u00a0\u00a0 ALAN : 60.000 m2\u00a0 BUURTA KALA AVM &amp; KONUT PROJES\u0130 \u0130\u015eVEREN: BTT-FAS M\u0130MARLIK KONUM: SOMAL\u0130\u00a0\u00a0\u00a0\u00a0\u00a0\u00a0\u00a0\u00a0\u00a0\u00a0\u00a0\u00a0\u00a0 ALAN : 50.000 m2\u00a0 MALL OF \u0130STANBUL FAZ 2 (MOI [&hellip;]\" \/>\n<meta property=\"og:url\" content=\"https:\/\/dmrproje.com.tr\/index.php\/ticari-yapi\/\" \/>\n<meta property=\"article:modified_time\" content=\"2025-08-07T15:39:21+00:00\" \/>\n<meta property=\"og:image\" content=\"http:\/\/dmrproje.com.tr\/wp-content\/uploads\/2024\/11\/SCANDINAVIANAVM-1.png\" \/>\n<meta name=\"twitter:card\" content=\"summary_large_image\" \/>\n<meta name=\"twitter:label1\" content=\"Tahmini okuma s\u00fcresi\" \/>\n\t<meta name=\"twitter:data1\" content=\"2 dakika\" \/>\n<script type=\"application\/ld+json\" class=\"yoast-schema-graph\">{\"@context\":\"https:\/\/schema.org\",\"@graph\":[{\"@type\":\"WebPage\",\"@id\":\"https:\/\/dmrproje.com.tr\/index.php\/ticari-yapi\/\",\"url\":\"https:\/\/dmrproje.com.tr\/index.php\/ticari-yapi\/\",\"name\":\"Ticari Yap\u0131lar -\",\"isPartOf\":{\"@id\":\"https:\/\/dmrproje.com.tr\/#website\"},\"primaryImageOfPage\":{\"@id\":\"https:\/\/dmrproje.com.tr\/index.php\/ticari-yapi\/#primaryimage\"},\"image\":{\"@id\":\"https:\/\/dmrproje.com.tr\/index.php\/ticari-yapi\/#primaryimage\"},\"thumbnailUrl\":\"http:\/\/dmrproje.com.tr\/wp-content\/uploads\/2024\/11\/SCANDINAVIANAVM-1.png\",\"datePublished\":\"2024-11-03T21:58:45+00:00\",\"dateModified\":\"2025-08-07T15:39:21+00:00\",\"breadcrumb\":{\"@id\":\"https:\/\/dmrproje.com.tr\/index.php\/ticari-yapi\/#breadcrumb\"},\"inLanguage\":\"tr\",\"potentialAction\":[{\"@type\":\"ReadAction\",\"target\":[\"https:\/\/dmrproje.com.tr\/index.php\/ticari-yapi\/\"]}]},{\"@type\":\"ImageObject\",\"inLanguage\":\"tr\",\"@id\":\"https:\/\/dmrproje.com.tr\/index.php\/ticari-yapi\/#primaryimage\",\"url\":\"http:\/\/dmrproje.com.tr\/wp-content\/uploads\/2024\/11\/SCANDINAVIANAVM-1.png\",\"contentUrl\":\"http:\/\/dmrproje.com.tr\/wp-content\/uploads\/2024\/11\/SCANDINAVIANAVM-1.png\"},{\"@type\":\"BreadcrumbList\",\"@id\":\"https:\/\/dmrproje.com.tr\/index.php\/ticari-yapi\/#breadcrumb\",\"itemListElement\":[{\"@type\":\"ListItem\",\"position\":1,\"name\":\"Anasayfa\",\"item\":\"https:\/\/dmrproje.com.tr\/\"},{\"@type\":\"ListItem\",\"position\":2,\"name\":\"Ticari Yap\u0131lar\"}]},{\"@type\":\"WebSite\",\"@id\":\"https:\/\/dmrproje.com.tr\/#website\",\"url\":\"https:\/\/dmrproje.com.tr\/\",\"name\":\"\",\"description\":\"DMR PROJELEND\u0130RME DANI\u015eMANLIK T\u0130CARET L\u0130M\u0130TED&nbsp;\u015e\u0130RKET\u0130\",\"potentialAction\":[{\"@type\":\"SearchAction\",\"target\":{\"@type\":\"EntryPoint\",\"urlTemplate\":\"https:\/\/dmrproje.com.tr\/?s={search_term_string}\"},\"query-input\":{\"@type\":\"PropertyValueSpecification\",\"valueRequired\":true,\"valueName\":\"search_term_string\"}}],\"inLanguage\":\"tr\"}]}<\/script>\n<!-- \/ Yoast SEO Premium plugin. -->","yoast_head_json":{"title":"Ticari Yap\u0131lar -","robots":{"index":"index","follow":"follow","max-snippet":"max-snippet:-1","max-image-preview":"max-image-preview:large","max-video-preview":"max-video-preview:-1"},"canonical":"https:\/\/dmrproje.com.tr\/index.php\/ticari-yapi\/","og_locale":"tr_TR","og_type":"article","og_title":"Ticari Yap\u0131lar","og_description":"SCANDINAVIAN AVM & KONUT PROJES\u0130 \u0130\u015eVEREN: BTT-FAS M\u0130MARLIK KONUM: SOMAL\u0130\u00a0\u00a0\u00a0\u00a0\u00a0\u00a0\u00a0\u00a0\u00a0\u00a0\u00a0\u00a0\u00a0 ALAN : 60.000 m2\u00a0 BUURTA KALA AVM & KONUT PROJES\u0130 \u0130\u015eVEREN: BTT-FAS M\u0130MARLIK KONUM: SOMAL\u0130\u00a0\u00a0\u00a0\u00a0\u00a0\u00a0\u00a0\u00a0\u00a0\u00a0\u00a0\u00a0\u00a0 ALAN : 50.000 m2\u00a0 MALL OF \u0130STANBUL FAZ 2 (MOI [&hellip;]","og_url":"https:\/\/dmrproje.com.tr\/index.php\/ticari-yapi\/","article_modified_time":"2025-08-07T15:39:21+00:00","og_image":[{"url":"http:\/\/dmrproje.com.tr\/wp-content\/uploads\/2024\/11\/SCANDINAVIANAVM-1.png","type":"","width":"","height":""}],"twitter_card":"summary_large_image","twitter_misc":{"Tahmini okuma s\u00fcresi":"2 dakika"},"schema":{"@context":"https:\/\/schema.org","@graph":[{"@type":"WebPage","@id":"https:\/\/dmrproje.com.tr\/index.php\/ticari-yapi\/","url":"https:\/\/dmrproje.com.tr\/index.php\/ticari-yapi\/","name":"Ticari Yap\u0131lar -","isPartOf":{"@id":"https:\/\/dmrproje.com.tr\/#website"},"primaryImageOfPage":{"@id":"https:\/\/dmrproje.com.tr\/index.php\/ticari-yapi\/#primaryimage"},"image":{"@id":"https:\/\/dmrproje.com.tr\/index.php\/ticari-yapi\/#primaryimage"},"thumbnailUrl":"http:\/\/dmrproje.com.tr\/wp-content\/uploads\/2024\/11\/SCANDINAVIANAVM-1.png","datePublished":"2024-11-03T21:58:45+00:00","dateModified":"2025-08-07T15:39:21+00:00","breadcrumb":{"@id":"https:\/\/dmrproje.com.tr\/index.php\/ticari-yapi\/#breadcrumb"},"inLanguage":"tr","potentialAction":[{"@type":"ReadAction","target":["https:\/\/dmrproje.com.tr\/index.php\/ticari-yapi\/"]}]},{"@type":"ImageObject","inLanguage":"tr","@id":"https:\/\/dmrproje.com.tr\/index.php\/ticari-yapi\/#primaryimage","url":"http:\/\/dmrproje.com.tr\/wp-content\/uploads\/2024\/11\/SCANDINAVIANAVM-1.png","contentUrl":"http:\/\/dmrproje.com.tr\/wp-content\/uploads\/2024\/11\/SCANDINAVIANAVM-1.png"},{"@type":"BreadcrumbList","@id":"https:\/\/dmrproje.com.tr\/index.php\/ticari-yapi\/#breadcrumb","itemListElement":[{"@type":"ListItem","position":1,"name":"Anasayfa","item":"https:\/\/dmrproje.com.tr\/"},{"@type":"ListItem","position":2,"name":"Ticari Yap\u0131lar"}]},{"@type":"WebSite","@id":"https:\/\/dmrproje.com.tr\/#website","url":"https:\/\/dmrproje.com.tr\/","name":"","description":"DMR PROJELEND\u0130RME DANI\u015eMANLIK T\u0130CARET L\u0130M\u0130TED&nbsp;\u015e\u0130RKET\u0130","potentialAction":[{"@type":"SearchAction","target":{"@type":"EntryPoint","urlTemplate":"https:\/\/dmrproje.com.tr\/?s={search_term_string}"},"query-input":{"@type":"PropertyValueSpecification","valueRequired":true,"valueName":"search_term_string"}}],"inLanguage":"tr"}]}},"_links":{"self":[{"href":"http:\/\/dmrproje.com.tr\/index.php\/wp-json\/wp\/v2\/pages\/552"}],"collection":[{"href":"http:\/\/dmrproje.com.tr\/index.php\/wp-json\/wp\/v2\/pages"}],"about":[{"href":"http:\/\/dmrproje.com.tr\/index.php\/wp-json\/wp\/v2\/types\/page"}],"author":[{"embeddable":true,"href":"http:\/\/dmrproje.com.tr\/index.php\/wp-json\/wp\/v2\/users\/1"}],"replies":[{"embeddable":true,"href":"http:\/\/dmrproje.com.tr\/index.php\/wp-json\/wp\/v2\/comments?post=552"}],"version-history":[{"count":6,"href":"http:\/\/dmrproje.com.tr\/index.php\/wp-json\/wp\/v2\/pages\/552\/revisions"}],"predecessor-version":[{"id":1091,"href":"http:\/\/dmrproje.com.tr\/index.php\/wp-json\/wp\/v2\/pages\/552\/revisions\/1091"}],"wp:attachment":[{"href":"http:\/\/dmrproje.com.tr\/index.php\/wp-json\/wp\/v2\/media?parent=552"}],"curies":[{"name":"wp","href":"https:\/\/api.w.org\/{rel}","templated":true}]}}